{"id":34,"date":"2014-04-01T01:45:38","date_gmt":"2014-04-01T01:45:38","guid":{"rendered":"http:\/\/zrownowazeni.pk.edu.pl\/?page_id=34"},"modified":"2014-12-22T09:38:42","modified_gmt":"2014-12-22T09:38:42","slug":"kontakt","status":"publish","type":"page","link":"https:\/\/zrownowazeni.pk.edu.pl\/?page_id=34","title":{"rendered":"Kontakt"},"content":{"rendered":"<p>Ko\u0142o\u00a0Naukowe Projektowania Zr\u00f3wnowa\u017conego<\/p>\n<p>Wszelkie pytania, informacje, zapisy prosimy kierowa\u0107 na adres:<\/p>\n<p><a href=\"mailto:projektowanie.zrownowazone@gmail.com\">projektowanie.zrownowazone@gmail.com<\/a><\/p>\n","protected":false},"excerpt":{"rendered":"<p>Ko\u0142o\u00a0Naukowe Projektowania Zr\u00f3wnowa\u017conego Wszelkie pytania, informacje, zapisy prosimy kierowa\u0107 na adres: projektowanie.zrownowazone@gmail.com<\/p>\n","protected":false},"author":1,"featured_media":0,"parent":0,"menu_order":0,"comment_status":"closed","ping_status":"open","template":"","meta":{"footnotes":""},"class_list":["post-34","page","type-page","status-publish","hentry"],"_links":{"self":[{"href":"https:\/\/zrownowazeni.pk.edu.pl\/index.php?rest_route=\/wp\/v2\/pages\/34","targetHints":{"allow":["GET"]}}],"collection":[{"href":"https:\/\/zrownowazeni.pk.edu.pl\/index.php?rest_route=\/wp\/v2\/pages"}],"about":[{"href":"https:\/\/zrownowazeni.pk.edu.pl\/index.php?rest_route=\/wp\/v2\/types\/page"}],"author":[{"embeddable":true,"href":"https:\/\/zrownowazeni.pk.edu.pl\/index.php?rest_route=\/wp\/v2\/users\/1"}],"replies":[{"embeddable":true,"href":"https:\/\/zrownowazeni.pk.edu.pl\/index.php?rest_route=%2Fwp%2Fv2%2Fcomments&post=34"}],"version-history":[{"count":3,"href":"https:\/\/zrownowazeni.pk.edu.pl\/index.php?rest_route=\/wp\/v2\/pages\/34\/revisions"}],"predecessor-version":[{"id":550,"href":"https:\/\/zrownowazeni.pk.edu.pl\/index.php?rest_route=\/wp\/v2\/pages\/34\/revisions\/550"}],"wp:attachment":[{"href":"https:\/\/zrownowazeni.pk.edu.pl\/index.php?rest_route=%2Fwp%2Fv2%2Fmedia&parent=34"}],"curies":[{"name":"wp","href":"https:\/\/api.w.org\/{rel}","templated":true}]}}