{"id":21,"date":"2014-04-01T01:24:08","date_gmt":"2014-04-01T01:24:08","guid":{"rendered":"http:\/\/zrownowazeni.pk.edu.pl\/?page_id=21"},"modified":"2020-09-04T06:22:54","modified_gmt":"2020-09-04T06:22:54","slug":"kolo-budownictwa-ekologicznego","status":"publish","type":"page","link":"https:\/\/zrownowazeni.pk.edu.pl\/?page_id=21","title":{"rendered":"For authors"},"content":{"rendered":"\n<p>Instructions for authors &#8211; Arch Eco series since Arch-Eco 6.<\/p>\n\n\n\n<p>The submitted text should be prepared according to the rules of the publisher.<\/p>\n\n\n\n<p>\n\nIn preparing their articles, authors should use the journal\u2019s style-file supplied by the publisher to ensure consistency and uniform appearance of the articles included in the Journal.<\/p>\n\n\n\n<p>Submitted articles should be between 10 000 &#8211; 15 000 characters long and must contain abstract and min. 3 keywords as well as, authors&#8217; names, titles and affiliation given below the text first page. The structure, references and illustrations of the article should be prepared according to the example below. <\/p>\n\n\n\n<p>Example article for Arch-Eco 6:<\/p>\n\n\n\n<div class=\"wp-block-file\"><a href=\"http:\/\/zrownowazeni.pk.edu.pl\/wp-content\/uploads\/2020\/08\/example.doc\">example<\/a><a href=\"http:\/\/zrownowazeni.pk.edu.pl\/wp-content\/uploads\/2020\/08\/example.doc\" class=\"wp-block-file__button\" download>Download<\/a><\/div>\n\n\n\n<h2 class=\"wp-block-heading\"><strong>Dla autor\u00f3w<\/strong><\/h2>\n\n\n\n<\/p>\n<p><strong>Wskaz\u00f3wki dla autor\u00f3w do publikacji w serii \u201eArch-Eco\u201d<\/strong><\/p>\n<p>Seria powsta\u0142a w celu prezentowania osi\u0105gni\u0119\u0107 badawczych najm\u0142odszego pokolenia \u2013 przyjmujemy publikacje student\u00f3w i doktorant\u00f3w.<\/p>\n<p>\n\n\n\n<\/p>\n<p>Materia\u0142y publikowane s\u0105 w j\u0119zyku polskim lub j\u0119zyku angielskim, zgodnie z za\u0142o\u017ceniami numeru.<\/p>\n<p>\n\n\n\n<\/p>\n<p>Prace zakwalifikowane do druku staj\u0105 si\u0119 w\u0142asno\u015bci\u0105 wydawcy serii \u2013 Katedry Kszta\u0142towania \u015arodowiska Mieszkaniowego Wydzia\u0142u Architektury Politechniki Krakowskiej.<\/p>\n<p>\n\n\n\n<\/p>\n<p>Artyku\u0142y publikowane s\u0105 w formie drukowanej \u2013 ka\u017cdy tom dysponuje indywidualnym numerem ISBN.<\/p>\n<p>\n\n\n\n<\/p>\n<p>Prace przedk\u0142adane do publikacji <u>powinny by\u0107 sformatowane<\/u> w nast\u0119puj\u0105cy spos\u00f3b:<\/p>\n<p>\n\n\n\n<\/p>\n<p>1) Tekst nale\u017cy przygotowa\u0107 w postaci dokumentu MS Word, zapisanego dowoln\u0105 czcionk\u0105, w\u00a0dowolnym uk\u0142adzie marginesu (te elementy zostan\u0105 ujednolicone podczas sk\u0142adu komputerowego do przyj\u0119tego dla serii layoutu).<\/p>\n<p>\n\n\n\n<\/p>\n<p>2) Ilustracje prosimy do\u0142\u0105czy\u0107 w osobnych plikach JPG, PNG albo TIFF (o rozdzielczo\u015bci nie mniej ni\u017c 300 dpi!). W tek\u015bcie prosz\u0119 zaznaczy\u0107 miejsca, w kt\u00f3rych ilustracja ma si\u0119 pojawi\u0107. Ilustracje musz\u0105 by\u0107 numerowane jako Ryc. 1, Ryc. 2 \u2026 itd. (\u201eRyc.\u201d = Rycina). Prosz\u0119 nie opisywa\u0107 ich w inny spos\u00f3b. Do ka\u017cdej ilustracji prosz\u0119 do\u0142\u0105czy\u0107 \u017ar\u00f3d\u0142o jej pochodzenia. Je\u015bli jest to autorska ilustracja lub fotografia, prosz\u0119 opisa\u0107 \u201efot. autor\u201d.<\/p>\n<p>\n\n\n\n<\/p>\n<p>3) Prosz\u0119 podzieli\u0107 artyku\u0142 na mniejsze rozdzia\u0142y. Prosz\u0119 ich nie numerowa\u0107, ale zatytu\u0142owa\u0107 poszczeg\u00f3lne rozdzia\u0142y i oznaczy\u0107 pogrubion\u0105 czcionk\u0105. Mo\u017cna (nie trzeba) doda\u0107 streszczenie, kt\u00f3re b\u0119dzie zamieszczone na pocz\u0105tku artyku\u0142u.<\/p>\n<p>\n\n\n\n<\/p>\n<p>4) Tekst mo\u017ce by\u0107 uzupe\u0142niany przypisami dolnymi (w formie odwo\u0142ania). Mog\u0105 to by\u0107 przypisy rzeczowe, uzupe\u0142niaj\u0105ce tekst g\u0142\u00f3wny, jak i bibliograficzne \u2013 odsy\u0142aj\u0105ce do konkretnej pozycji uj\u0119tej tak\u017ce w bibliografii.<\/p>\n<p>\n\n\n\n<\/p>\n<p>Prosz\u0119 podawa\u0107 przypisy w formacie oksfordzkim, czyli:<\/p>\n<p>\n\n\n\n<\/p>\n<p>Inicja\u0142 imienia nazwisko przecinek tytu\u0142 pracy (zapisany kursyw\u0105) przecinek, miejsce wydania i rok:<\/p>\n<p>\n\n\n\n<\/p>\n<ol>\n<li>Nowak, <em>Architektura<\/em>, Krak\u00f3w 2007.<\/li>\n<\/ol>\n<p>\n\n\n\n<\/p>\n<p>Mo\u017cna doda\u0107 wydawnictwo, ale je\u015bli chc\u0105 to Pa\u0144stwo zrobi\u0107 \u2013 prosz\u0119 o konsekwentny zapis WE WSZYSTKICH POZYCJACH, NA KT\u00d3RE SI\u0118 PA\u0143STWO POWO\u0141UJ\u0104.<\/p>\n<p>\n\n\n\n<\/p>\n<p><u>Zapis artyku\u0142\u00f3w w czasopismach<\/u>:<\/p>\n<p>\n\n\n\n<\/p>\n<ol>\n<li>Nowak, <em>Architektura wczoraj i dzi\u015b<\/em>, Teka Architektury, nr 6, 2012, s. 15-31.<\/li>\n<\/ol>\n<p>\n\n\n\n<\/p>\n<p><u>Zapis stron internetowych<\/u>:<\/p>\n<p>\n\n\n\n<\/p>\n<p><em>Spo\u0142ecze\u0144stwo w miastach<\/em>, http:\/\/www.onet.pl\/spoleczenstwo-w-miastach (dost\u0119p: 14.05.2020).<\/p>\n<p>\n\n\n\n<\/p>\n<p>Prosz\u0119 zawsze zaczyna\u0107 adresy stron od http:\/\/, prosz\u0119 poda\u0107 dat\u0119 odczytu strony.<\/p>\n<p>\n\n\n\n<\/p>\n<p>Zapis w bibliografii jest prawie identyczny jak zapis przypis\u00f3w dolnych \u2013 inicja\u0142 prosz\u0119 da\u0107 po nazwisku:<\/p>\n<p>\n\n\n\n<\/p>\n<p>Nowak J., <em>Architektura<\/em>, Krak\u00f3w 2007.<\/p>\n<p>\n\n\n\n<\/p>\n<p>Prosz\u0119 uk\u0142ada\u0107 bibliografi\u0119 alfabetycznie po nazwiskach autor\u00f3w. \u0179r\u00f3d\u0142a internetowe prosz\u0119 da\u0107 na ko\u0144cu. Prosz\u0119 numerowa\u0107 pozycje w bibliografii w kwadratowych nawiasach [1], [2]\u2026 itd.<\/p>\n<p>\n\n\n\n<\/p>\n<p>Wz\u00f3r poprawnie sformatowanego artyku\u0142u znajd\u0105 Pa\u0144stwo poni\u017cej.<\/p>\n<p>\n\n\n\n<\/p>\n<p><a href=\"http:\/\/zrownowazeni.pk.edu.pl\/wp-content\/uploads\/2020\/Arch%20Eco\/przyk%c5%82adowy%20artyku%c5%82.pdf\">Przyk\u0142adowy artyku\u0142 serii Arch-Eco<\/a><\/p>\n<p>\n\n\n\n<\/p>\n<p><a href=\"http:\/\/zrownowazeni.pk.edu.pl\/wp-content\/uploads\/2020\/Arch%20Eco\/Arch-Eco przyk\u0142adowy artyku\u0142.docx\">Formatka MS Word<\/a><\/p>\n<p>\n\n\n<p><\/p>","protected":false},"excerpt":{"rendered":"<p>Instructions for authors &#8211; Arch Eco series since Arch-Eco 6. The submitted text should be prepared according to the rules of the publisher. In preparing their articles, authors should use the journal\u2019s style-file supplied by the publisher to ensure consistency and uniform appearance of the articles included in the Journal. Submitted articles should be between [&hellip;]<\/p>\n","protected":false},"author":1,"featured_media":70,"parent":0,"menu_order":0,"comment_status":"open","ping_status":"open","template":"page-storiesgreenbeam.php","meta":{"footnotes":""},"class_list":["post-21","page","type-page","status-publish","has-post-thumbnail","hentry"],"_links":{"self":[{"href":"https:\/\/zrownowazeni.pk.edu.pl\/index.php?rest_route=\/wp\/v2\/pages\/21","targetHints":{"allow":["GET"]}}],"collection":[{"href":"https:\/\/zrownowazeni.pk.edu.pl\/index.php?rest_route=\/wp\/v2\/pages"}],"about":[{"href":"https:\/\/zrownowazeni.pk.edu.pl\/index.php?rest_route=\/wp\/v2\/types\/page"}],"author":[{"embeddable":true,"href":"https:\/\/zrownowazeni.pk.edu.pl\/index.php?rest_route=\/wp\/v2\/users\/1"}],"replies":[{"embeddable":true,"href":"https:\/\/zrownowazeni.pk.edu.pl\/index.php?rest_route=%2Fwp%2Fv2%2Fcomments&post=21"}],"version-history":[{"count":20,"href":"https:\/\/zrownowazeni.pk.edu.pl\/index.php?rest_route=\/wp\/v2\/pages\/21\/revisions"}],"predecessor-version":[{"id":770,"href":"https:\/\/zrownowazeni.pk.edu.pl\/index.php?rest_route=\/wp\/v2\/pages\/21\/revisions\/770"}],"wp:featuredmedia":[{"embeddable":true,"href":"https:\/\/zrownowazeni.pk.edu.pl\/index.php?rest_route=\/wp\/v2\/media\/70"}],"wp:attachment":[{"href":"https:\/\/zrownowazeni.pk.edu.pl\/index.php?rest_route=%2Fwp%2Fv2%2Fmedia&parent=21"}],"curies":[{"name":"wp","href":"https:\/\/api.w.org\/{rel}","templated":true}]}}