{"id":19,"date":"2014-04-01T01:23:42","date_gmt":"2014-04-01T01:23:42","guid":{"rendered":"http:\/\/zrownowazeni.pk.edu.pl\/?page_id=19"},"modified":"2020-08-17T11:10:27","modified_gmt":"2020-08-17T11:10:27","slug":"kolo-grow","status":"publish","type":"page","link":"https:\/\/zrownowazeni.pk.edu.pl\/?page_id=19","title":{"rendered":"Publikacje"},"content":{"rendered":"\n<p>Katedra Kszta\u0142towania \u015arodowiska Mieszkaniowego jest wydawc\u0105 publikacji Studenckiego Ko\u0142a Naukowego Projektowania Zr\u00f3wnowa\u017conego z serii Arch-Eco. S\u0105 to recenzowane tomy zawieraj\u0105ce artyku\u0142y naukowe zwi\u0105zane z tematyk\u0105 konferencji naukowych jakich Ko\u0142o i Katedra s\u0105 organizatorami.<\/p>\n\n\n\n<div class=\"wp-block-image\"><figure class=\"aligncenter\"><a href=\"http:\/\/zrownowazeni.pk.edu.pl\/wp-content\/uploads\/2020\/Arch%20Eco\/ARCH-ECO_T5_05-2020.pdf\"><img loading=\"lazy\" decoding=\"async\" width=\"300\" height=\"420\" src=\"http:\/\/zrownowazeni.pk.edu.pl\/wp-content\/uploads\/2020\/08\/tomV.gif\" alt=\"\" class=\"wp-image-735\"\/><\/a><\/figure><\/div>\n\n\n\n<p style=\"text-align:center\"><a href=\"http:\/\/zrownowazeni.pk.edu.pl\/wp-content\/uploads\/2020\/Arch%20Eco\/ARCH-ECO_T5_05-2020.pdf\">Arch-Eco nr 5\/2019<\/a><\/p>\n\n\n\n<p style=\"text-align:center\">\n\nMiasto XXI w. &#8211; nowa dynamika \u017cycia\n\n<\/p>\n\n\n\n<p><\/p>\n\n\n\n<div class=\"wp-block-image\"><figure class=\"aligncenter\"><a href=\"http:\/\/zrownowazeni.pk.edu.pl\/wp-content\/uploads\/2020\/Arch%20Eco\/ARCH-ECO_T4_05-2020.pdf\"><img loading=\"lazy\" decoding=\"async\" width=\"300\" height=\"420\" src=\"http:\/\/zrownowazeni.pk.edu.pl\/wp-content\/uploads\/2020\/08\/tomIV.gif\" alt=\"\" class=\"wp-image-734\"\/><\/a><\/figure><\/div>\n\n\n\n<p style=\"text-align:center\"><a href=\"http:\/\/zrownowazeni.pk.edu.pl\/wp-content\/uploads\/2020\/Arch%20Eco\/ARCH-ECO_T4_05-2020.pdf\">Arch-Eco nr 4\/2019<\/a><\/p>\n\n\n\n<p style=\"text-align:center\">Komputeryzacja &#8211; szansa czy zagro\u017cenie dla naszej wyobra\u017ani?<\/p>\n\n\n\n<div class=\"wp-block-image\"><figure class=\"aligncenter\"><a href=\"http:\/\/zrownowazeni.pk.edu.pl\/wp-content\/uploads\/2020\/Arch%20Eco\/ARCH-ECO_T3_05-2020.pdf\"><img loading=\"lazy\" decoding=\"async\" width=\"300\" height=\"420\" src=\"http:\/\/zrownowazeni.pk.edu.pl\/wp-content\/uploads\/2020\/08\/tomIII.gif\" alt=\"\" class=\"wp-image-733\"\/><\/a><\/figure><\/div>\n\n\n\n<p style=\"text-align:center\"><a href=\"http:\/\/zrownowazeni.pk.edu.pl\/wp-content\/uploads\/2020\/Arch%20Eco\/ARCH-ECO_T3_05-2020.pdf\">Arch-Eco nr 3\/2019<\/a><\/p>\n\n\n\n<p style=\"text-align:center\">Czlowiek &#8211; nowe potrzeby, pragnienia, cele<\/p>\n\n\n\n<div class=\"wp-block-image\"><figure class=\"aligncenter\"><a href=\"http:\/\/zrownowazeni.pk.edu.pl\/wp-content\/uploads\/2020\/Arch%20Eco\/ARCH-ECO_T2_05-2020.pdf\"><img loading=\"lazy\" decoding=\"async\" width=\"300\" height=\"420\" src=\"http:\/\/zrownowazeni.pk.edu.pl\/wp-content\/uploads\/2020\/08\/tomII.gif\" alt=\"\" class=\"wp-image-732\"\/><\/a><\/figure><\/div>\n\n\n\n<p style=\"text-align:center\"><a href=\"http:\/\/zrownowazeni.pk.edu.pl\/wp-content\/uploads\/2020\/Arch%20Eco\/ARCH-ECO_T2_05-2020.pdf\">Arch-Eco nr 2\/2019<\/a><\/p>\n\n\n\n<p style=\"text-align:center\">Zr\u00f3wnowa\u017cony rozw\u00f3j w kontek\u015bcie wsp\u00f3\u0142czesnego wizerunku miasta<\/p>\n\n\n\n<div class=\"wp-block-image\"><figure class=\"aligncenter\"><a href=\"http:\/\/zrownowazeni.pk.edu.pl\/wp-content\/uploads\/2020\/Arch%20Eco\/ARCH-ECO_T1_05-2020.pdf\"><img loading=\"lazy\" decoding=\"async\" width=\"300\" height=\"420\" src=\"http:\/\/zrownowazeni.pk.edu.pl\/wp-content\/uploads\/2020\/08\/tomI.gif\" alt=\"\" class=\"wp-image-731\"\/><\/a><\/figure><\/div>\n\n\n\n<p style=\"text-align:center\"><a href=\"http:\/\/zrownowazeni.pk.edu.pl\/wp-content\/uploads\/2020\/Arch%20Eco\/ARCH-ECO_T1_05-2020.pdf\">Arch-Eco nr 1\/2018<\/a><\/p>\n\n\n\n<p style=\"text-align:center\">Transformacje przestrzeni<\/p>\n\n\n\n<p>Wskaz\u00f3wki dla autor\u00f3w:<\/p>\n\n\n\n<p><strong>Wskaz\u00f3wki dla autor\u00f3w do publikacji w serii \u201eArch-Eco\u201d<\/strong><\/p>\n\n\n\n<p>Seria powsta\u0142a w celu prezentowania osi\u0105gni\u0119\u0107 badawczych najm\u0142odszego pokolenia \u2013 przyjmujemy publikacje student\u00f3w i doktorant\u00f3w.<\/p>\n\n\n\n<p>Materia\u0142y publikowane s\u0105 w j\u0119zyku polskim lub j\u0119zyku angielskim, zgodnie z za\u0142o\u017ceniami numeru.<\/p>\n\n\n\n<p>Prace zakwalifikowane do druku staj\u0105 si\u0119 w\u0142asno\u015bci\u0105 wydawcy serii \u2013 Katedry Kszta\u0142towania \u015arodowiska Mieszkaniowego Wydzia\u0142u Architektury Politechniki Krakowskiej.<\/p>\n\n\n\n<p>Artyku\u0142y publikowane s\u0105 w formie drukowanej \u2013 ka\u017cdy tom dysponuje indywidualnym numerem ISBN.<\/p>\n\n\n\n<p>Prace przedk\u0142adane do publikacji <u>powinny by\u0107 sformatowane<\/u> w nast\u0119puj\u0105cy spos\u00f3b:<\/p>\n\n\n\n<p>1) Tekst nale\u017cy przygotowa\u0107 w postaci dokumentu MS Word, zapisanego dowoln\u0105 czcionk\u0105, w&nbsp;dowolnym uk\u0142adzie marginesu (te elementy zostan\u0105 ujednolicone podczas sk\u0142adu komputerowego do przyj\u0119tego dla serii layoutu).<\/p>\n\n\n\n<p>2) Ilustracje prosimy do\u0142\u0105czy\u0107 w osobnych plikach JPG, PNG albo TIFF (o rozdzielczo\u015bci nie mniej ni\u017c 300 dpi!). W tek\u015bcie prosz\u0119 zaznaczy\u0107 miejsca, w kt\u00f3rych ilustracja ma si\u0119 pojawi\u0107. Ilustracje musz\u0105 by\u0107 numerowane jako Ryc. 1, Ryc. 2 \u2026 itd. (\u201eRyc.\u201d = Rycina). Prosz\u0119 nie opisywa\u0107 ich w inny spos\u00f3b. Do ka\u017cdej ilustracji prosz\u0119 do\u0142\u0105czy\u0107 \u017ar\u00f3d\u0142o jej pochodzenia. Je\u015bli jest to autorska ilustracja lub fotografia, prosz\u0119 opisa\u0107 \u201efot. autor\u201d.<\/p>\n\n\n\n<p>3) Prosz\u0119 podzieli\u0107 artyku\u0142 na mniejsze rozdzia\u0142y. Prosz\u0119 ich nie numerowa\u0107, ale zatytu\u0142owa\u0107 poszczeg\u00f3lne rozdzia\u0142y i oznaczy\u0107 pogrubion\u0105 czcionk\u0105. Mo\u017cna (nie trzeba) doda\u0107 streszczenie, kt\u00f3re b\u0119dzie zamieszczone na pocz\u0105tku artyku\u0142u.<\/p>\n\n\n\n<p>4) Tekst mo\u017ce by\u0107 uzupe\u0142niany przypisami dolnymi (w formie odwo\u0142ania). Mog\u0105 to by\u0107 przypisy rzeczowe, uzupe\u0142niaj\u0105ce tekst g\u0142\u00f3wny, jak i bibliograficzne \u2013 odsy\u0142aj\u0105ce do konkretnej pozycji uj\u0119tej tak\u017ce w bibliografii.<\/p>\n\n\n\n<p>Prosz\u0119 podawa\u0107 przypisy w formacie oksfordzkim, czyli:<\/p>\n\n\n\n<p>Inicja\u0142 imienia nazwisko przecinek tytu\u0142 pracy (zapisany kursyw\u0105) przecinek, miejsce wydania i rok:<\/p>\n\n\n\n<ol class=\"wp-block-list\"><li>Nowak, <em>Architektura<\/em>, Krak\u00f3w 2007.<\/li><\/ol>\n\n\n\n<p>Mo\u017cna doda\u0107 wydawnictwo, ale je\u015bli chc\u0105 to Pa\u0144stwo zrobi\u0107 \u2013 prosz\u0119 o konsekwentny zapis WE WSZYSTKICH POZYCJACH, NA KT\u00d3RE SI\u0118 PA\u0143STWO POWO\u0141UJ\u0104.<\/p>\n\n\n\n<p><u>Zapis artyku\u0142\u00f3w w czasopismach<\/u>:<\/p>\n\n\n\n<ol class=\"wp-block-list\"><li>Nowak, <em>Architektura wczoraj i dzi\u015b<\/em>, Teka Architektury, nr 6, 2012, s. 15-31.<\/li><\/ol>\n\n\n\n<p><u>Zapis stron internetowych<\/u>:<\/p>\n\n\n\n<p><em>Spo\u0142ecze\u0144stwo w miastach<\/em>, http:\/\/www.onet.pl\/spoleczenstwo-w-miastach (dost\u0119p: 14.05.2020).<\/p>\n\n\n\n<p>Prosz\u0119 zawsze zaczyna\u0107 adresy stron od http:\/\/, prosz\u0119 poda\u0107 dat\u0119 odczytu strony.<\/p>\n\n\n\n<p>Zapis w bibliografii jest prawie identyczny jak zapis przypis\u00f3w dolnych \u2013 inicja\u0142 prosz\u0119 da\u0107 po nazwisku:<\/p>\n\n\n\n<p>Nowak J., <em>Architektura<\/em>, Krak\u00f3w 2007.<\/p>\n\n\n\n<p>Prosz\u0119 uk\u0142ada\u0107 bibliografi\u0119 alfabetycznie po nazwiskach autor\u00f3w. \u0179r\u00f3d\u0142a internetowe prosz\u0119 da\u0107 na ko\u0144cu. Prosz\u0119 numerowa\u0107 pozycje w bibliografii w kwadratowych nawiasach [1], [2]\u2026 itd.<\/p>\n\n\n\n<p>Wz\u00f3r poprawnie sformatowanego artyku\u0142u znajd\u0105 Pa\u0144stwo poni\u017cej.<\/p>\n\n\n\n<p><a href=\"http:\/\/zrownowazeni.pk.edu.pl\/wp-content\/uploads\/2020\/Arch%20Eco\/przyk%c5%82adowy%20artyku%c5%82.pdf\">Przyk\u0142adowy artyku\u0142 serii Arch-Eco<\/a><\/p>\n\n\n\n<p><a href=\"http:\/\/zrownowazeni.pk.edu.pl\/wp-content\/uploads\/2020\/Arch%20Eco\/Arch-Eco przyk\u0142adowy artyku\u0142.docx\">Formatka MS Word<\/a><\/p>\n","protected":false},"excerpt":{"rendered":"<p>Katedra Kszta\u0142towania \u015arodowiska Mieszkaniowego jest wydawc\u0105 publikacji Studenckiego Ko\u0142a Naukowego Projektowania Zr\u00f3wnowa\u017conego z serii Arch-Eco. S\u0105 to recenzowane tomy zawieraj\u0105ce artyku\u0142y naukowe zwi\u0105zane z tematyk\u0105 konferencji naukowych jakich Ko\u0142o i Katedra s\u0105 organizatorami. Arch-Eco nr 5\/2019 Miasto XXI w. &#8211; nowa dynamika \u017cycia Arch-Eco nr 4\/2019 Komputeryzacja &#8211; szansa czy zagro\u017cenie dla naszej wyobra\u017ani? Arch-Eco [&hellip;]<\/p>\n","protected":false},"author":1,"featured_media":0,"parent":0,"menu_order":0,"comment_status":"open","ping_status":"open","template":"page-storiesgreengrow.php","meta":{"footnotes":""},"class_list":["post-19","page","type-page","status-publish","hentry"],"_links":{"self":[{"href":"https:\/\/zrownowazeni.pk.edu.pl\/index.php?rest_route=\/wp\/v2\/pages\/19","targetHints":{"allow":["GET"]}}],"collection":[{"href":"https:\/\/zrownowazeni.pk.edu.pl\/index.php?rest_route=\/wp\/v2\/pages"}],"about":[{"href":"https:\/\/zrownowazeni.pk.edu.pl\/index.php?rest_route=\/wp\/v2\/types\/page"}],"author":[{"embeddable":true,"href":"https:\/\/zrownowazeni.pk.edu.pl\/index.php?rest_route=\/wp\/v2\/users\/1"}],"replies":[{"embeddable":true,"href":"https:\/\/zrownowazeni.pk.edu.pl\/index.php?rest_route=%2Fwp%2Fv2%2Fcomments&post=19"}],"version-history":[{"count":17,"href":"https:\/\/zrownowazeni.pk.edu.pl\/index.php?rest_route=\/wp\/v2\/pages\/19\/revisions"}],"predecessor-version":[{"id":772,"href":"https:\/\/zrownowazeni.pk.edu.pl\/index.php?rest_route=\/wp\/v2\/pages\/19\/revisions\/772"}],"wp:attachment":[{"href":"https:\/\/zrownowazeni.pk.edu.pl\/index.php?rest_route=%2Fwp%2Fv2%2Fmedia&parent=19"}],"curies":[{"name":"wp","href":"https:\/\/api.w.org\/{rel}","templated":true}]}}